{"id":725,"date":"2025-08-06T22:10:55","date_gmt":"2025-08-06T22:10:55","guid":{"rendered":"https:\/\/www.biopol.it\/wer-wir-sind\/"},"modified":"2026-01-23T22:26:09","modified_gmt":"2026-01-23T22:26:09","slug":"wer-wir-sind","status":"publish","type":"page","link":"https:\/\/www.biopol.it\/de\/wer-wir-sind\/","title":{"rendered":"Wer wir sind"},"content":{"rendered":"\t\t<div data-elementor-type=\"wp-page\" data-elementor-id=\"725\" class=\"elementor elementor-725 elementor-26\" data-elementor-post-type=\"page\">\n\t\t\t\t<div class=\"elementor-element elementor-element-33d00b8a e-flex e-con-boxed e-con e-parent\" data-id=\"33d00b8a\" data-element_type=\"container\" data-e-type=\"container\" data-settings=\"{&quot;background_background&quot;:&quot;classic&quot;}\">\n\t\t\t\t\t<div class=\"e-con-inner\">\n\t\t<div class=\"elementor-element elementor-element-31214d91 e-con-full e-flex e-con e-child\" data-id=\"31214d91\" data-element_type=\"container\" data-e-type=\"container\">\n\t\t\t\t<div class=\"elementor-element elementor-element-488c8d3d elementor-widget-mobile__width-auto elementor-widget elementor-widget-heading\" data-id=\"488c8d3d\" data-element_type=\"widget\" data-e-type=\"widget\" data-widget_type=\"heading.default\">\n\t\t\t\t\t<h1 class=\"elementor-heading-title elementor-size-default\">Das Wohlbefinden der Menschen sch\u00fctzen, <b>R\u00e4ume harmonisieren und <span class=\"blue-text\">Energie <\/span>wiederherstellen<\/b><\/h1>\t\t\t\t<\/div>\n\t\t<div class=\"elementor-element elementor-element-91fa8af e-con-full e-flex e-con e-child\" data-id=\"91fa8af\" data-element_type=\"container\" data-e-type=\"container\">\n\t\t\t\t<div class=\"elementor-element elementor-element-59efab18 elementor-align-right elementor-widget elementor-widget-button\" data-id=\"59efab18\" data-element_type=\"widget\" data-e-type=\"widget\" data-widget_type=\"button.default\">\n\t\t\t\t\t\t\t\t\t\t<a class=\"elementor-button elementor-button-link elementor-size-sm elementor-animation-bob\" href=\"https:\/\/www.biopol.it\/de\/lp-praesentation\/\">\n\t\t\t\t\t\t<span class=\"elementor-button-content-wrapper\">\n\t\t\t\t\t\t<span class=\"elementor-button-icon\">\n\t\t\t\t<svg aria-hidden=\"true\" class=\"e-font-icon-svg e-fas-chevron-right\" viewBox=\"0 0 320 512\" xmlns=\"http:\/\/www.w3.org\/2000\/svg\"><path d=\"M285.476 272.971L91.132 467.314c-9.373 9.373-24.569 9.373-33.941 0l-22.667-22.667c-9.357-9.357-9.375-24.522-.04-33.901L188.505 256 34.484 101.255c-9.335-9.379-9.317-24.544.04-33.901l22.667-22.667c9.373-9.373 24.569-9.373 33.941 0L285.475 239.03c9.373 9.372 9.373 24.568.001 33.941z\"><\/path><\/svg>\t\t\t<\/span>\n\t\t\t\t\t\t\t\t\t<span class=\"elementor-button-text\">Sehen Sie sich die Pr\u00e4sentation an.<\/span>\n\t\t\t\t\t<\/span>\n\t\t\t\t\t<\/a>\n\t\t\t\t\t\t\t\t<\/div>\n\t\t\t\t<div class=\"elementor-element elementor-element-8989a8f elementor-align-center elementor-widget elementor-widget-button\" data-id=\"8989a8f\" data-element_type=\"widget\" data-e-type=\"widget\" data-widget_type=\"button.default\">\n\t\t\t\t\t\t\t\t\t\t<a class=\"elementor-button elementor-button-link elementor-size-sm elementor-animation-bob\" href=\"https:\/\/cal.com\/biopol\/30min\" target=\"_blank\" rel=\"noopener\">\n\t\t\t\t\t\t<span class=\"elementor-button-content-wrapper\">\n\t\t\t\t\t\t<span class=\"elementor-button-icon\">\n\t\t\t\t<svg aria-hidden=\"true\" class=\"e-font-icon-svg e-fas-chevron-right\" viewBox=\"0 0 320 512\" xmlns=\"http:\/\/www.w3.org\/2000\/svg\"><path d=\"M285.476 272.971L91.132 467.314c-9.373 9.373-24.569 9.373-33.941 0l-22.667-22.667c-9.357-9.357-9.375-24.522-.04-33.901L188.505 256 34.484 101.255c-9.335-9.379-9.317-24.544.04-33.901l22.667-22.667c9.373-9.373 24.569-9.373 33.941 0L285.475 239.03c9.373 9.372 9.373 24.568.001 33.941z\"><\/path><\/svg>\t\t\t<\/span>\n\t\t\t\t\t\t\t\t\t<span class=\"elementor-button-text\">Buchen Sie jetzt Ihren Beratungstermin.<\/span>\n\t\t\t\t\t<\/span>\n\t\t\t\t\t<\/a>\n\t\t\t\t\t\t\t\t<\/div>\n\t\t\t\t<\/div>\n\t\t\t\t<\/div>\n\t\t\t\t\t<\/div>\n\t\t\t\t<\/div>\n\t\t<div class=\"elementor-element elementor-element-14e16d37 e-flex e-con-boxed e-con e-parent\" data-id=\"14e16d37\" data-element_type=\"container\" data-e-type=\"container\">\n\t\t\t\t\t<div class=\"e-con-inner\">\n\t\t<div class=\"elementor-element elementor-element-6183950c e-con-full e-flex e-con e-child\" data-id=\"6183950c\" data-element_type=\"container\" data-e-type=\"container\">\n\t\t\t\t<div class=\"elementor-element elementor-element-5abded69 elementor-widget elementor-widget-image\" data-id=\"5abded69\" data-element_type=\"widget\" data-e-type=\"widget\" data-settings=\"{&quot;sticky&quot;:&quot;top&quot;,&quot;sticky_on&quot;:[&quot;desktop&quot;],&quot;sticky_offset&quot;:20,&quot;sticky_parent&quot;:&quot;yes&quot;,&quot;sticky_effects_offset&quot;:0,&quot;sticky_anchor_link_offset&quot;:0}\" data-widget_type=\"image.default\">\n\t\t\t\t\t\t\t\t\t\t\t\t\t\t\t<img fetchpriority=\"high\" decoding=\"async\" width=\"2006\" height=\"2560\" src=\"https:\/\/www.biopol.it\/wp-content\/uploads\/2025\/08\/Egon_e_Philipp-35-scaled-1.jpg\" class=\"attachment-full size-full wp-image-723\" alt=\"\" srcset=\"https:\/\/www.biopol.it\/wp-content\/uploads\/2025\/08\/Egon_e_Philipp-35-scaled-1.jpg 2006w, https:\/\/www.biopol.it\/wp-content\/uploads\/2025\/08\/Egon_e_Philipp-35-scaled-1-600x766.jpg 600w, https:\/\/www.biopol.it\/wp-content\/uploads\/2025\/08\/Egon_e_Philipp-35-scaled-1-235x300.jpg 235w, https:\/\/www.biopol.it\/wp-content\/uploads\/2025\/08\/Egon_e_Philipp-35-scaled-1-802x1024.jpg 802w, https:\/\/www.biopol.it\/wp-content\/uploads\/2025\/08\/Egon_e_Philipp-35-scaled-1-768x980.jpg 768w, https:\/\/www.biopol.it\/wp-content\/uploads\/2025\/08\/Egon_e_Philipp-35-scaled-1-1204x1536.jpg 1204w, https:\/\/www.biopol.it\/wp-content\/uploads\/2025\/08\/Egon_e_Philipp-35-scaled-1-1605x2048.jpg 1605w\" sizes=\"(max-width: 2006px) 100vw, 2006px\" \/>\t\t\t\t\t\t\t\t\t\t\t\t\t\t\t<\/div>\n\t\t\t\t<\/div>\n\t\t<div class=\"elementor-element elementor-element-6f982587 e-con-full e-flex e-con e-child\" data-id=\"6f982587\" data-element_type=\"container\" data-e-type=\"container\">\n\t\t\t\t<div class=\"elementor-element elementor-element-a8828fa elementor-widget-mobile__width-auto elementor-widget elementor-widget-heading\" data-id=\"a8828fa\" data-element_type=\"widget\" data-e-type=\"widget\" data-widget_type=\"heading.default\">\n\t\t\t\t\t<h2 class=\"elementor-heading-title elementor-size-default\">Wir sind <strong>Egon <\/strong>und <strong>Philipp Heiss<\/strong> und seit \u00fcber 30 Jahren<\/h2>\t\t\t\t<\/div>\n\t\t\t\t<div class=\"elementor-element elementor-element-2f9d7886 elementor-blockquote--skin-quotation elementor-blockquote--align-left elementor-blockquote--align-left elementor-widget elementor-widget-blockquote\" data-id=\"2f9d7886\" data-element_type=\"widget\" data-e-type=\"widget\" data-widget_type=\"blockquote.default\">\n\t\t\t\t\t\t\t<blockquote class=\"elementor-blockquote\">\n\t\t\t<p class=\"elementor-blockquote__content\">\n\t\t\t\t\"Das ist unsere Mission\"\t\t\t<\/p>\n\t\t\t\t\t<\/blockquote>\n\t\t\t\t\t\t<\/div>\n\t\t\t\t<div class=\"elementor-element elementor-element-709d9b85 elementor-widget elementor-widget-text-editor\" data-id=\"709d9b85\" data-element_type=\"widget\" data-e-type=\"widget\" data-widget_type=\"text-editor.default\">\n\t\t\t\t\t\t\t\t\t<p>Wir sind<em> Egon und Philipp Heiss<\/em>, Vater und Sohn, und wir f\u00fchren Cosmolife mit einem bestimmten Ziel: Menschen zu helfen, besser zu leben, indem wir die unsichtbaren, aber tiefgreifenden Auswirkungen von Elektrosmog und subtiler Strahlung reduzieren.<\/p><p><strong>Gemeinsam garantieren wir Stabilit\u00e4t und Innovation, Wurzeln und Wachstum.<\/strong><\/p><p>Wir begannen diese Reise zu einer Zeit, als nur wenige Menschen \u00fcber <strong>elektromagnetische Verschmutzun<\/strong>g sprachen.<\/p><p>Doch die Anzeichen waren bereits deutlich.<br>Unerkl\u00e4rliche Symptome, unruhiger Schlaf, chronische M\u00fcdigkeit, wiederkehrende Angstzust\u00e4nde.<\/p>\t\t\t\t\t\t\t\t<\/div>\n\t\t<div class=\"elementor-element elementor-element-29e7649 e-con-full e-flex e-con e-child\" data-id=\"29e7649\" data-element_type=\"container\" data-e-type=\"container\" data-settings=\"{&quot;background_background&quot;:&quot;classic&quot;}\">\n\t\t\t\t<div class=\"elementor-element elementor-element-479702fc elementor-widget elementor-widget-text-editor\" data-id=\"479702fc\" data-element_type=\"widget\" data-e-type=\"widget\" data-widget_type=\"text-editor.default\">\n\t\t\t\t\t\t\t\t\t<p>Deshalb beschlossen wir, \u00fcber den ersten Eindruck hinauszugehen. Wissenschaftliche Forschung und Quantenphysik f\u00fcr das allt\u00e4gliche Wohlbefinden zu vereinen. Ger\u00e4te zu entwickeln, die tiefgreifend, aber dennoch einfach und nat\u00fcrlich wirken.  <\/p>\t\t\t\t\t\t\t\t<\/div>\n\t\t\t\t<\/div>\n\t\t\t\t<\/div>\n\t\t\t\t\t<\/div>\n\t\t\t\t<\/div>\n\t\t<div class=\"elementor-element elementor-element-6c156577 e-flex e-con-boxed e-con e-parent\" data-id=\"6c156577\" data-element_type=\"container\" data-e-type=\"container\" data-settings=\"{&quot;background_background&quot;:&quot;gradient&quot;,&quot;shape_divider_top&quot;:&quot;curve&quot;,&quot;shape_divider_bottom&quot;:&quot;curve&quot;}\">\n\t\t\t\t\t<div class=\"e-con-inner\">\n\t\t\t\t<div class=\"elementor-shape elementor-shape-top\" aria-hidden=\"true\" data-negative=\"false\">\n\t\t\t<svg xmlns=\"http:\/\/www.w3.org\/2000\/svg\" viewBox=\"0 0 1000 100\" preserveAspectRatio=\"none\">\n    <path class=\"elementor-shape-fill\" d=\"M1000,4.3V0H0v4.3C0.9,23.1,126.7,99.2,500,100S1000,22.7,1000,4.3z\"\/>\n<\/svg>\t\t<\/div>\n\t\t\t\t<div class=\"elementor-shape elementor-shape-bottom\" aria-hidden=\"true\" data-negative=\"false\">\n\t\t\t<svg xmlns=\"http:\/\/www.w3.org\/2000\/svg\" viewBox=\"0 0 1000 100\" preserveAspectRatio=\"none\">\n    <path class=\"elementor-shape-fill\" d=\"M1000,4.3V0H0v4.3C0.9,23.1,126.7,99.2,500,100S1000,22.7,1000,4.3z\"\/>\n<\/svg>\t\t<\/div>\n\t\t\t\t<div class=\"elementor-element elementor-element-4349f8a7 elementor-widget-mobile__width-auto elementor-widget elementor-widget-heading\" data-id=\"4349f8a7\" data-element_type=\"widget\" data-e-type=\"widget\" data-widget_type=\"heading.default\">\n\t\t\t\t\t<h2 class=\"elementor-heading-title elementor-size-default\">Eine Erfahrung, die nicht improvisiert werden kann<\/h2>\t\t\t\t<\/div>\n\t\t<div class=\"elementor-element elementor-element-64ab724d e-con-full e-flex e-con e-child\" data-id=\"64ab724d\" data-element_type=\"container\" data-e-type=\"container\" data-settings=\"{&quot;background_background&quot;:&quot;classic&quot;}\">\n\t\t\t\t<div class=\"elementor-element elementor-element-7683a990 elementor-widget elementor-widget-text-editor\" data-id=\"7683a990\" data-element_type=\"widget\" data-e-type=\"widget\" data-widget_type=\"text-editor.default\">\n\t\t\t\t\t\t\t\t\t<p>Mit \u00fcber <strong>30 Jahren Erfahrung<\/strong> in der Naturnahrungsmittelbranche und 19 Jahren T\u00e4tigkeit im Bereich der Biophysik haben wir einzigartige, <strong>langlebige und nicht reproduzierbare bioenergetische Technologien entwickelt.<\/strong><\/p>\t\t\t\t\t\t\t\t<\/div>\n\t\t\t\t<\/div>\n\t\t<div class=\"elementor-element elementor-element-d0e07e6 e-con-full e-flex e-con e-child\" data-id=\"d0e07e6\" data-element_type=\"container\" data-e-type=\"container\" data-settings=\"{&quot;background_background&quot;:&quot;classic&quot;}\">\n\t\t\t\t<div class=\"elementor-element elementor-element-4f291f14 elementor-widget-mobile__width-auto elementor-widget elementor-widget-heading\" data-id=\"4f291f14\" data-element_type=\"widget\" data-e-type=\"widget\" data-widget_type=\"heading.default\">\n\t\t\t\t\t<h1 class=\"elementor-heading-title elementor-size-default\">Unsere Werte<\/h1>\t\t\t\t<\/div>\n\t\t\t\t<div class=\"elementor-element elementor-element-7f0d1178 elementor-widget elementor-widget-text-editor\" data-id=\"7f0d1178\" data-element_type=\"widget\" data-e-type=\"widget\" data-widget_type=\"text-editor.default\">\n\t\t\t\t\t\t\t\t\t<p>Wir glauben an die Kraft des Zuh\u00f6rens, an die Verbindung von Wissenschaft und Intuition, an die Einfachheit effektiver L\u00f6sungen.<\/p><p><b>\u201eWir sollten den Menschen in den Mittelpunkt stellen, nicht nur das Symptom.\u201c<\/b><\/p><p>Wir lassen uns von Integrit\u00e4t, Respekt vor der Umwelt und dem Wunsch leiten, einen positiven und nachhaltigen Einfluss auf das Leben der Menschen auszu\u00fcben.<\/p>\t\t\t\t\t\t\t\t<\/div>\n\t\t\t\t<\/div>\n\t\t\t\t\t<\/div>\n\t\t\t\t<\/div>\n\t\t<div class=\"elementor-element elementor-element-74ae1b60 e-flex e-con-boxed e-con e-parent\" data-id=\"74ae1b60\" data-element_type=\"container\" data-e-type=\"container\" data-settings=\"{&quot;background_background&quot;:&quot;classic&quot;}\">\n\t\t\t\t\t<div class=\"e-con-inner\">\n\t\t<div class=\"elementor-element elementor-element-2670fa72 e-con-full e-flex e-con e-child\" data-id=\"2670fa72\" data-element_type=\"container\" data-e-type=\"container\">\n\t\t\t\t<div class=\"elementor-element elementor-element-7b36cb4f elementor-widget elementor-widget-image\" data-id=\"7b36cb4f\" data-element_type=\"widget\" data-e-type=\"widget\" data-widget_type=\"image.default\">\n\t\t\t\t\t\t\t\t\t\t\t\t\t\t\t<img decoding=\"async\" width=\"700\" height=\"875\" src=\"https:\/\/www.biopol.it\/wp-content\/uploads\/2025\/08\/beneficio-biopol-rigenerazione.jpg\" class=\"attachment-large size-large wp-image-712\" alt=\"\" srcset=\"https:\/\/www.biopol.it\/wp-content\/uploads\/2025\/08\/beneficio-biopol-rigenerazione.jpg 700w, https:\/\/www.biopol.it\/wp-content\/uploads\/2025\/08\/beneficio-biopol-rigenerazione-600x750.jpg 600w, https:\/\/www.biopol.it\/wp-content\/uploads\/2025\/08\/beneficio-biopol-rigenerazione-240x300.jpg 240w\" sizes=\"(max-width: 700px) 100vw, 700px\" \/>\t\t\t\t\t\t\t\t\t\t\t\t\t\t\t<\/div>\n\t\t\t\t<\/div>\n\t\t<div class=\"elementor-element elementor-element-72212cbe e-con-full e-flex e-con e-child\" data-id=\"72212cbe\" data-element_type=\"container\" data-e-type=\"container\">\n\t\t\t\t<div class=\"elementor-element elementor-element-540df8ea elementor-widget elementor-widget-text-editor\" data-id=\"540df8ea\" data-element_type=\"widget\" data-e-type=\"widget\" data-widget_type=\"text-editor.default\">\n\t\t\t\t\t\t\t\t\t<p><strong style=\"color: #ff6b35;\">Cosmolife <\/strong>wurde in S\u00fcdtirol gegr\u00fcndet, blickt aber weit in die Zukunft.<br>Heute werden unsere Ger\u00e4te in ganz Italien von \u00c4rzten, ganzheitlichen Therapeuten, Hoteliers und bewussten Familien eingesetzt. Und wir sind bereit, diese Vision strukturiert und professionell ins Ausland zu tragen. <\/p><p>Jedes <strong style=\"color: #ff6b35;\">Cosmolife<\/strong>-Produkt ist darauf ausgelegt, Umgebungen zu harmonisieren, Menschen zu sch\u00fctzen und echtes, stabiles und messbares Wohlbefinden zu f\u00f6rdern.<\/p><p><strong>Wir verkaufen nicht nur Ger\u00e4te.<\/strong><\/p><p>Wir bieten L\u00f6sungen f\u00fcr ein besseres Leben, ein besseres Arbeiten und den Schutz dessen, was z\u00e4hlt.<\/p>\t\t\t\t\t\t\t\t<\/div>\n\t\t\t\t<div class=\"elementor-element elementor-element-49418e4b elementor-widget-mobile__width-auto elementor-widget elementor-widget-heading\" data-id=\"49418e4b\" data-element_type=\"widget\" data-e-type=\"widget\" data-widget_type=\"heading.default\">\n\t\t\t\t\t<h2 class=\"elementor-heading-title elementor-size-default\">Eine andere Technologie<br>eine klare Vision<\/h2>\t\t\t\t<\/div>\n\t\t\t\t<\/div>\n\t\t\t\t\t<\/div>\n\t\t\t\t<\/div>\n\t\t<div class=\"elementor-element elementor-element-17145758 e-flex e-con-boxed e-con e-parent\" data-id=\"17145758\" data-element_type=\"container\" data-e-type=\"container\" data-settings=\"{&quot;background_background&quot;:&quot;classic&quot;}\">\n\t\t\t\t\t<div class=\"e-con-inner\">\n\t\t<div class=\"elementor-element elementor-element-7eac96da e-con-full e-flex e-con e-child\" data-id=\"7eac96da\" data-element_type=\"container\" data-e-type=\"container\" data-settings=\"{&quot;background_background&quot;:&quot;classic&quot;}\">\n\t\t<div class=\"elementor-element elementor-element-57fbdd19 e-con-full e-flex e-con e-child\" data-id=\"57fbdd19\" data-element_type=\"container\" data-e-type=\"container\" data-settings=\"{&quot;background_background&quot;:&quot;classic&quot;}\">\n\t\t\t\t<div class=\"elementor-element elementor-element-142ba0fd elementor-widget-mobile__width-auto elementor-widget elementor-widget-heading\" data-id=\"142ba0fd\" data-element_type=\"widget\" data-e-type=\"widget\" data-widget_type=\"heading.default\">\n\t\t\t\t\t<h1 class=\"elementor-heading-title elementor-size-default\">M\u00f6chten Sie herausfinden, ob Sie sich durch Ihre Umgebung beeintr\u00e4chtigt f\u00fchlen?<\/h1>\t\t\t\t<\/div>\n\t\t\t\t<div class=\"elementor-element elementor-element-28ee5b20 elementor-widget elementor-widget-text-editor\" data-id=\"28ee5b20\" data-element_type=\"widget\" data-e-type=\"widget\" data-widget_type=\"text-editor.default\">\n\t\t\t\t\t\t\t\t\t<p>Wir bieten ein kostenloses und unverbindliches Erstgespr\u00e4ch an.<br><strong>Vereinbaren Sie einen Termin mit Egon und Philip Heiss.<\/strong><\/p>\t\t\t\t\t\t\t\t<\/div>\n\t\t\t\t<div class=\"elementor-element elementor-element-4dd23532 elementor-align-center elementor-widget elementor-widget-button\" data-id=\"4dd23532\" data-element_type=\"widget\" data-e-type=\"widget\" data-widget_type=\"button.default\">\n\t\t\t\t\t\t\t\t\t\t<a class=\"elementor-button elementor-button-link elementor-size-sm elementor-animation-bob\" href=\"https:\/\/cal.com\/biopol\/30min\" target=\"_blank\" rel=\"noopener\">\n\t\t\t\t\t\t<span class=\"elementor-button-content-wrapper\">\n\t\t\t\t\t\t<span class=\"elementor-button-icon\">\n\t\t\t\t<svg aria-hidden=\"true\" class=\"e-font-icon-svg e-fas-chevron-right\" viewBox=\"0 0 320 512\" xmlns=\"http:\/\/www.w3.org\/2000\/svg\"><path d=\"M285.476 272.971L91.132 467.314c-9.373 9.373-24.569 9.373-33.941 0l-22.667-22.667c-9.357-9.357-9.375-24.522-.04-33.901L188.505 256 34.484 101.255c-9.335-9.379-9.317-24.544.04-33.901l22.667-22.667c9.373-9.373 24.569-9.373 33.941 0L285.475 239.03c9.373 9.372 9.373 24.568.001 33.941z\"><\/path><\/svg>\t\t\t<\/span>\n\t\t\t\t\t\t\t\t\t<span class=\"elementor-button-text\">Buchen Sie jetzt Ihren Beratungstermin.<\/span>\n\t\t\t\t\t<\/span>\n\t\t\t\t\t<\/a>\n\t\t\t\t\t\t\t\t<\/div>\n\t\t\t\t<\/div>\n\t\t\t\t<\/div>\n\t\t\t\t\t<\/div>\n\t\t\t\t<\/div>\n\t\t\t\t<\/div>\n\t\t","protected":false},"excerpt":{"rendered":"<p>Das Wohlbefinden der Menschen sch\u00fctzen, R\u00e4ume harmonisieren und Energie wiederherstellen Sehen Sie sich die Pr\u00e4sentation an. Buchen Sie jetzt Ihren Beratungstermin. Wir sind Egon und Philipp Heiss und seit \u00fcber 30 Jahren &#8220;Das ist unsere Mission&#8221; Wir sind Egon und Philipp Heiss, Vater und Sohn, und wir f\u00fchren Cosmolife mit einem bestimmten Ziel: Menschen zu&#8230;<\/p>\n","protected":false},"author":1,"featured_media":0,"parent":0,"menu_order":0,"comment_status":"closed","ping_status":"closed","template":"elementor_header_footer","meta":{"_kad_post_transparent":"","_kad_post_title":"","_kad_post_layout":"","_kad_post_sidebar_id":"","_kad_post_content_style":"","_kad_post_vertical_padding":"","_kad_post_feature":"","_kad_post_feature_position":"","_kad_post_header":false,"_kad_post_footer":false,"_kad_post_classname":"","_joinchat":[],"footnotes":""},"class_list":["post-725","page","type-page","status-publish","hentry"],"_links":{"self":[{"href":"https:\/\/www.biopol.it\/de\/wp-json\/wp\/v2\/pages\/725","targetHints":{"allow":["GET"]}}],"collection":[{"href":"https:\/\/www.biopol.it\/de\/wp-json\/wp\/v2\/pages"}],"about":[{"href":"https:\/\/www.biopol.it\/de\/wp-json\/wp\/v2\/types\/page"}],"author":[{"embeddable":true,"href":"https:\/\/www.biopol.it\/de\/wp-json\/wp\/v2\/users\/1"}],"replies":[{"embeddable":true,"href":"https:\/\/www.biopol.it\/de\/wp-json\/wp\/v2\/comments?post=725"}],"version-history":[{"count":5,"href":"https:\/\/www.biopol.it\/de\/wp-json\/wp\/v2\/pages\/725\/revisions"}],"predecessor-version":[{"id":868,"href":"https:\/\/www.biopol.it\/de\/wp-json\/wp\/v2\/pages\/725\/revisions\/868"}],"wp:attachment":[{"href":"https:\/\/www.biopol.it\/de\/wp-json\/wp\/v2\/media?parent=725"}],"curies":[{"name":"wp","href":"https:\/\/api.w.org\/{rel}","templated":true}]}}